{"id":1863,"date":"2022-07-13T11:51:57","date_gmt":"2022-07-13T08:51:57","guid":{"rendered":"https:\/\/med-elit.com.ua\/vidhuky\/"},"modified":"2022-07-13T11:51:57","modified_gmt":"2022-07-13T08:51:57","slug":"vidhuky","status":"publish","type":"page","link":"https:\/\/med-elit.com.ua\/pl\/vidhuky\/","title":{"rendered":"Opinie"},"content":{"rendered":"<style>.wp-block-kadence-advancedheading.kt-adv-heading_3c0a0b-f8, .wp-block-kadence-advancedheading.kt-adv-heading_3c0a0b-f8[data-kb-block=\"kb-adv-heading_3c0a0b-f8\"]{margin-top:35px;text-align:center;font-style:normal;}.wp-block-kadence-advancedheading.kt-adv-heading_3c0a0b-f8 mark, .wp-block-kadence-advancedheading.kt-adv-heading_3c0a0b-f8[data-kb-block=\"kb-adv-heading_3c0a0b-f8\"] mark{font-style:normal;color:#f76a0c;padding-top:0px;padding-right:0px;padding-bottom:0px;padding-left:0px;}<\/style>\n<h2 class=\"kt-adv-heading_3c0a0b-f8 wp-block-kadence-advancedheading\" data-kb-block=\"kb-adv-heading_3c0a0b-f8\">Opinie<\/h2>\n\n\n\n<p class=\"has-text-align-center\">Zawsze mo\u017cesz zostawi\u0107 opini\u0119 o nas lub \u015bwiadczonych us\u0142ugach, pomo\u017ce nam to zachowa\u0107 dobr\u0105 kondycj\u0119 i nie zboczy\u0107 z w\u0142a\u015bciwej \u015bcie\u017cki!<\/p>\n","protected":false},"excerpt":{"rendered":"<p>Opinie Zawsze mo\u017cesz zostawi\u0107 opini\u0119 o nas lub \u015bwiadczonych us\u0142ugach, pomo\u017ce nam to zachowa\u0107 dobr\u0105 kondycj\u0119 i nie zboczy\u0107 z w\u0142a\u015bciwej \u015bcie\u017cki!<\/p>\n","protected":false},"author":1,"featured_media":0,"parent":0,"menu_order":0,"comment_status":"open","ping_status":"closed","template":"","meta":{"_kad_blocks_custom_css":"","_kad_blocks_head_custom_js":"","_kad_blocks_body_custom_js":"","_kad_blocks_footer_custom_js":"","_kad_post_transparent":"","_kad_post_title":"","_kad_post_layout":"","_kad_post_sidebar_id":"","_kad_post_content_style":"","_kad_post_vertical_padding":"","_kad_post_feature":"","_kad_post_feature_position":"","_kad_post_header":false,"_kad_post_footer":false,"footnotes":""},"class_list":["post-1863","page","type-page","status-publish","hentry"],"taxonomy_info":[],"featured_image_src_large":false,"author_info":{"display_name":"Developer - Jan (SCHIZOROSHOW)","author_link":"https:\/\/med-elit.com.ua\/pl\/author\/admin\/"},"comment_info":0,"_links":{"self":[{"href":"https:\/\/med-elit.com.ua\/pl\/wp-json\/wp\/v2\/pages\/1863","targetHints":{"allow":["GET"]}}],"collection":[{"href":"https:\/\/med-elit.com.ua\/pl\/wp-json\/wp\/v2\/pages"}],"about":[{"href":"https:\/\/med-elit.com.ua\/pl\/wp-json\/wp\/v2\/types\/page"}],"author":[{"embeddable":true,"href":"https:\/\/med-elit.com.ua\/pl\/wp-json\/wp\/v2\/users\/1"}],"replies":[{"embeddable":true,"href":"https:\/\/med-elit.com.ua\/pl\/wp-json\/wp\/v2\/comments?post=1863"}],"version-history":[{"count":0,"href":"https:\/\/med-elit.com.ua\/pl\/wp-json\/wp\/v2\/pages\/1863\/revisions"}],"wp:attachment":[{"href":"https:\/\/med-elit.com.ua\/pl\/wp-json\/wp\/v2\/media?parent=1863"}],"curies":[{"name":"wp","href":"https:\/\/api.w.org\/{rel}","templated":true}]}}