{"id":1908,"date":"2022-07-13T11:40:23","date_gmt":"2022-07-13T08:40:23","guid":{"rendered":"https:\/\/med-elit.com.ua\/pro-nas\/"},"modified":"2022-07-13T11:40:23","modified_gmt":"2022-07-13T08:40:23","slug":"pro-nas","status":"publish","type":"page","link":"https:\/\/med-elit.com.ua\/pl\/pro-nas\/","title":{"rendered":"O nas"},"content":{"rendered":"<style>#kt-layout-id_3f6ad2-13{margin-top:10px;margin-bottom:50px;}#kt-layout-id_3f6ad2-13 > .kt-row-column-wrap{z-index:10;position:relative;align-content:start;}:where(#kt-layout-id_3f6ad2-13 > .kt-row-column-wrap) > .wp-block-kadence-column{justify-content:start;}#kt-layout-id_3f6ad2-13 > .kt-row-column-wrap{column-gap:var(--global-kb-gap-md, 2rem);row-gap:var(--global-kb-gap-md, 2rem);padding-top:var( --global-kb-row-default-top, 25px );padding-bottom:var( --global-kb-row-default-bottom, 25px );padding-top:150px;padding-bottom:150px;grid-template-columns:minmax(0, 1fr);}#kt-layout-id_3f6ad2-13{background-image:url('https:\/\/med-elit.com.ua\/wp-content\/uploads\/2022\/07\/Med-Elit-Team.webp');background-size:cover;background-position:48% 0%;background-attachment:scroll;background-repeat:no-repeat;}#kt-layout-id_3f6ad2-13 > .kt-row-layout-overlay{opacity:0.10;background-color:var(--global-palette3, #1A202C);mix-blend-mode:normal;}#kt-layout-id_3f6ad2-13 .kt-row-layout-bottom-sep{height:100px;}#kt-layout-id_3f6ad2-13 .kt-row-layout-bottom-sep svg{width:100%;}#kt-layout-id_3f6ad2-13 .kt-row-layout-bottom-sep svg{fill:#ffffff!important;}#kt-layout-id_3f6ad2-13 .kt-row-layout-top-sep{height:50px;}#kt-layout-id_3f6ad2-13 .kt-row-layout-top-sep svg{width:100%;}#kt-layout-id_3f6ad2-13 .kt-row-layout-top-sep svg{fill:var(--global-palette9, #ffffff)!important;}@media all and (max-width: 1024px){#kt-layout-id_3f6ad2-13 > .kt-row-column-wrap{grid-template-columns:minmax(0, 1fr);}}@media all and (max-width: 1024px){#kt-layout-id_3f6ad2-13 .kt-row-layout-bottom-sep{height:px;}}@media all and (max-width: 1024px){#kt-layout-id_3f6ad2-13 .kt-row-layout-bottom-sep svg{width:%;}}@media all and (max-width: 767px){#kt-layout-id_3f6ad2-13 > .kt-row-column-wrap{grid-template-columns:minmax(0, 1fr);}#kt-layout-id_3f6ad2-13{background-image:url('https:\/\/med-elit.com.ua\/wp-content\/uploads\/2022\/07\/Med-Elit-Team.webp')!important;background-size:cover;background-position:41% 88%;background-attachment:scroll;background-repeat:no-repeat;}#kt-layout-id_3f6ad2-13 .kt-row-layout-bottom-sep{height:px;}#kt-layout-id_3f6ad2-13 .kt-row-layout-bottom-sep svg{width:%;}}<\/style>\n<div class=\"wp-block-kadence-rowlayout alignfull\"><div id=\"kt-layout-id_3f6ad2-13\" class=\"kt-row-layout-inner kt-row-has-bg kt-layout-id_3f6ad2-13\" style=\"background-image:url(https:\/\/med-elit.com.ua\/wp-content\/uploads\/2022\/07\/Med-Elit-Team.webp)\"><div class=\"kt-row-layout-overlay kt-row-overlay-normal\"><\/div><div class=\"kt-row-column-wrap kt-has-1-columns kt-gutter-default kt-v-gutter-default kt-row-valign-top kt-row-layout-equal kt-tab-layout-inherit kt-m-colapse-left-to-right kt-mobile-layout-row\"><style>.kadence-column_832f6e-7e > .kt-inside-inner-col{border-top-width:0px;border-right-width:0px;border-bottom-width:0px;border-left-width:0px;}.kadence-column_832f6e-7e > .kt-inside-inner-col,.kadence-column_832f6e-7e > .kt-inside-inner-col:before{border-top-left-radius:0px;border-top-right-radius:0px;border-bottom-right-radius:0px;border-bottom-left-radius:0px;}.kadence-column_832f6e-7e > .kt-inside-inner-col{column-gap:var(--global-kb-gap-sm, 1rem);}.kadence-column_832f6e-7e > .kt-inside-inner-col{flex-direction:column;}.kadence-column_832f6e-7e > .kt-inside-inner-col > .aligncenter{width:100%;}.kadence-column_832f6e-7e > .kt-inside-inner-col:before{opacity:0.3;}.kadence-column_832f6e-7e{position:relative;}@media all and (max-width: 1024px){.kadence-column_832f6e-7e > .kt-inside-inner-col{flex-direction:column;}}@media all and (max-width: 767px){.kadence-column_832f6e-7e > .kt-inside-inner-col{flex-direction:column;}}<\/style>\n<div class=\"wp-block-kadence-column inner-column-1 kadence-column_832f6e-7e\"><div class=\"kt-inside-inner-col\"><style>.wp-block-kadence-advancedheading.kt-adv-heading_8635a6-c7, .wp-block-kadence-advancedheading.kt-adv-heading_8635a6-c7[data-kb-block=\"kb-adv-heading_8635a6-c7\"]{padding-top:230px;text-align:center;font-size:34px;line-height:1.3em;font-style:normal;color:#ffffff;text-shadow:1px 1px 20px var(--global-palette3, #1A202C);}.wp-block-kadence-advancedheading.kt-adv-heading_8635a6-c7 mark, .wp-block-kadence-advancedheading.kt-adv-heading_8635a6-c7[data-kb-block=\"kb-adv-heading_8635a6-c7\"] mark{font-style:normal;color:#f76a0c;padding-top:0px;padding-right:0px;padding-bottom:0px;padding-left:0px;}<\/style>\n<h2 class=\"kt-adv-heading_8635a6-c7 wp-block-kadence-advancedheading\" data-kb-block=\"kb-adv-heading_8635a6-c7\">Centrum Medyczne &#8220;MED-ELIT&#8221;<\/h2>\n\n\n<style>.wp-block-kadence-advancedheading.kt-adv-heading_054e2e-e9, .wp-block-kadence-advancedheading.kt-adv-heading_054e2e-e9[data-kb-block=\"kb-adv-heading_054e2e-e9\"]{text-align:center;font-size:22px;line-height:1em;font-style:normal;text-shadow:1px 1px 10px var(--global-palette3, #1A202C);}.wp-block-kadence-advancedheading.kt-adv-heading_054e2e-e9 mark, .wp-block-kadence-advancedheading.kt-adv-heading_054e2e-e9[data-kb-block=\"kb-adv-heading_054e2e-e9\"] mark{font-style:normal;color:#f76a0c;padding-top:0px;padding-right:0px;padding-bottom:0px;padding-left:0px;}<\/style>\n<h4 class=\"kt-adv-heading_054e2e-e9 wp-block-kadence-advancedheading has-theme-palette-9-color has-text-color\" data-kb-block=\"kb-adv-heading_054e2e-e9\">Nowoczesne centrum medyczno-diagnostyczne, w kt\u00f3rym zdrowie cz\u0142owieka zawsze jest na pierwszym miejscu!<\/h4>\n<\/div><\/div>\n<\/div><div class=\"kt-row-layout-bottom-sep kt-row-sep-type-ctd\"><svg style=\"fill:#ffffff\" viewbox=\"0 0 1000 100\" preserveaspectratio=\"none\"><path d=\"M1000,0l-500,98l-500,-98l0,100l1000,0l0,-100Z\" style=\"opacity:0.4\"><\/path><path d=\"M1000,20l-500,78l-500,-78l0,80l1000,0l0,-80Z\"><\/path><\/svg><\/div><\/div><\/div>\n\n\n<style>.wp-block-kadence-advancedheading.kt-adv-heading_218a45-62, .wp-block-kadence-advancedheading.kt-adv-heading_218a45-62[data-kb-block=\"kb-adv-heading_218a45-62\"]{text-align:center;font-size:34px;line-height:1.3em;font-style:normal;}.wp-block-kadence-advancedheading.kt-adv-heading_218a45-62 mark, .wp-block-kadence-advancedheading.kt-adv-heading_218a45-62[data-kb-block=\"kb-adv-heading_218a45-62\"] mark{font-style:normal;color:#f76a0c;padding-top:0px;padding-right:0px;padding-bottom:0px;padding-left:0px;}<\/style>\n<h2 class=\"kt-adv-heading_218a45-62 wp-block-kadence-advancedheading has-theme-palette-3-color has-text-color\" data-kb-block=\"kb-adv-heading_218a45-62\" data-aos=\"zoom-out-down\" data-aos-duration=\"1000\" data-aos-easing=\"ease\">Dlaczego w\u0142a\u015bnie my?<\/h2>\n\n\n<style>#kt-layout-id_d823c1-24 > .kt-row-column-wrap{align-content:center;}:where(#kt-layout-id_d823c1-24 > .kt-row-column-wrap) > .wp-block-kadence-column{justify-content:center;}#kt-layout-id_d823c1-24 > .kt-row-column-wrap{column-gap:var(--global-kb-gap-md, 2rem);row-gap:var(--global-kb-gap-md, 2rem);max-width:var( --global-content-width, 1290px );padding-left:var(--global-content-edge-padding);padding-right:var(--global-content-edge-padding);padding-top:var( --global-kb-row-default-top, 25px );padding-bottom:var( --global-kb-row-default-bottom, 25px );padding-top:var(--global-kb-spacing-sm, 1.5rem);padding-bottom:var(--global-kb-spacing-sm, 1.5rem);grid-template-columns:minmax(0, calc(50% - ((var(--global-kb-gap-md, 2rem) * 1 )\/2))) minmax(0, calc(50% - ((var(--global-kb-gap-md, 2rem) * 1 )\/2)));}#kt-layout-id_d823c1-24 > .kt-row-layout-overlay{opacity:0.30;}@media all and (max-width: 1024px){#kt-layout-id_d823c1-24 > .kt-row-column-wrap{grid-template-columns:repeat(2, minmax(0, 1fr));}}@media all and (max-width: 767px){#kt-layout-id_d823c1-24 > .kt-row-column-wrap{grid-template-columns:minmax(0, 1fr);}}<\/style>\n<div class=\"wp-block-kadence-rowlayout alignnone\"><div id=\"kt-layout-id_d823c1-24\" class=\"kt-row-layout-inner kt-layout-id_d823c1-24\"><div class=\"kt-row-column-wrap kt-has-2-columns kt-gutter-default kt-v-gutter-default kt-row-valign-middle kt-row-layout-equal kt-tab-layout-inherit kt-m-colapse-left-to-right kt-mobile-layout-row kt-custom-first-width-50 kt-custom-second-width-50 kb-theme-content-width\"><style>.kadence-column_dd91b7-78 > .kt-inside-inner-col{border-top-width:0px;border-right-width:0px;border-bottom-width:0px;border-left-width:0px;}.kadence-column_dd91b7-78 > .kt-inside-inner-col,.kadence-column_dd91b7-78 > .kt-inside-inner-col:before{border-top-left-radius:0px;border-top-right-radius:0px;border-bottom-right-radius:0px;border-bottom-left-radius:0px;}.kadence-column_dd91b7-78 > .kt-inside-inner-col{column-gap:var(--global-kb-gap-sm, 1rem);}.kadence-column_dd91b7-78 > .kt-inside-inner-col{flex-direction:column;}.kadence-column_dd91b7-78 > .kt-inside-inner-col > .aligncenter{width:100%;}.kadence-column_dd91b7-78 > .kt-inside-inner-col:before{opacity:0.3;}.kadence-column_dd91b7-78{position:relative;}@media all and (max-width: 1024px){.kadence-column_dd91b7-78 > .kt-inside-inner-col{flex-direction:column;}}@media all and (max-width: 767px){.kadence-column_dd91b7-78 > .kt-inside-inner-col{flex-direction:column;}}<\/style>\n<div class=\"wp-block-kadence-column inner-column-1 kadence-column_dd91b7-78\" data-aos=\"fade-down-right\" data-aos-duration=\"1000\" data-aos-easing=\"ease\" data-aos-once=\"false\"><div class=\"kt-inside-inner-col\">\n<figure class=\"wp-block-video\"><video autoplay=\"\" loop=\"\" poster=\"https:\/\/med-elit.com.ua\/wp-content\/uploads\/2022\/07\/logo-video.webp\" src=\"https:\/\/med-elit.com.ua\/wp-content\/uploads\/2022\/07\/Med-Elit-1.mp4\" playsinline=\"\"><\/video><\/figure>\n<\/div><\/div>\n\n\n<style>.kadence-column_4dd31c-5a > .kt-inside-inner-col{border-top-width:0px;border-right-width:0px;border-bottom-width:0px;border-left-width:0px;}.kadence-column_4dd31c-5a > .kt-inside-inner-col,.kadence-column_4dd31c-5a > .kt-inside-inner-col:before{border-top-left-radius:0px;border-top-right-radius:0px;border-bottom-right-radius:0px;border-bottom-left-radius:0px;}.kadence-column_4dd31c-5a > .kt-inside-inner-col{column-gap:var(--global-kb-gap-sm, 1rem);}.kadence-column_4dd31c-5a > .kt-inside-inner-col{flex-direction:column;}.kadence-column_4dd31c-5a > .kt-inside-inner-col > .aligncenter{width:100%;}.kadence-column_4dd31c-5a > .kt-inside-inner-col:before{opacity:0.3;}.kadence-column_4dd31c-5a{position:relative;}@media all and (max-width: 1024px){.kadence-column_4dd31c-5a > .kt-inside-inner-col{flex-direction:column;}}@media all and (max-width: 767px){.kadence-column_4dd31c-5a > .kt-inside-inner-col{flex-direction:column;}}<\/style>\n<div class=\"wp-block-kadence-column inner-column-2 kadence-column_4dd31c-5a\" data-aos=\"fade-down-left\" data-aos-duration=\"1000\" data-aos-easing=\"ease\"><div class=\"kt-inside-inner-col\">\n<p>Centrum Medyczne &#8220;Med-Elite\u201d to nowoczesna klinika, kt\u00f3ra kreuje nowy obraz nowoczesnej medycyny prywatnej, wprowadzaj\u0105c jednolite standardy leczenia na \u015bwiatowym poziomie.<\/p>\n\n\n\n<p>Naszym celem jest utrzymanie i zwi\u0119kszanie zaufania naszych pacjent\u00f3w, aby sta\u0107 si\u0119 dla nich nie tylko \u201epogotowiem\u201d, ale tak\u017ce niezawodnym przyjacielem, aby by\u0107 po stronie pacjenta w procesie walki z chorob\u0105.<\/p>\n\n\n\n<p>Ka\u017cdego dnia doskonalimy si\u0119 i pracujemy, aby ka\u017cdy pacjent nie tylko otrzyma\u0142 opiek\u0119 medyczn\u0105, ale tak\u017ce czu\u0142 si\u0119 wa\u017cny w murach \u201eMed-Elite\u201d!<\/p>\n<\/div><\/div>\n<\/div><\/div><\/div>\n\n\n<style>#kt-layout-id_200970-9e > .kt-row-column-wrap{align-content:center;}:where(#kt-layout-id_200970-9e > .kt-row-column-wrap) > .wp-block-kadence-column{justify-content:center;}#kt-layout-id_200970-9e > .kt-row-column-wrap{column-gap:var(--global-kb-gap-md, 2rem);row-gap:var(--global-kb-gap-md, 2rem);max-width:var( --global-content-width, 1290px );padding-left:var(--global-content-edge-padding);padding-right:var(--global-content-edge-padding);padding-top:var( --global-kb-row-default-top, 25px );padding-bottom:var( --global-kb-row-default-bottom, 25px );padding-top:var(--global-kb-spacing-sm, 1.5rem);padding-bottom:var(--global-kb-spacing-sm, 1.5rem);grid-template-columns:minmax(0, calc(50% - ((var(--global-kb-gap-md, 2rem) * 1 )\/2))) minmax(0, calc(50% - ((var(--global-kb-gap-md, 2rem) * 1 )\/2)));}#kt-layout-id_200970-9e > .kt-row-layout-overlay{opacity:0.30;}@media all and (max-width: 1024px){#kt-layout-id_200970-9e > .kt-row-column-wrap{grid-template-columns:repeat(2, minmax(0, 1fr));}}@media all and (max-width: 767px){#kt-layout-id_200970-9e > .kt-row-column-wrap{grid-template-columns:minmax(0, 1fr);}}<\/style>\n<div class=\"wp-block-kadence-rowlayout alignnone\"><div id=\"kt-layout-id_200970-9e\" class=\"kt-row-layout-inner kt-layout-id_200970-9e\"><div class=\"kt-row-column-wrap kt-has-2-columns kt-gutter-default kt-v-gutter-default kt-row-valign-middle kt-row-layout-equal kt-tab-layout-inherit kt-m-colapse-left-to-right kt-mobile-layout-row kt-custom-first-width-50 kt-custom-second-width-50 kb-theme-content-width\"><style>.kadence-column_45f6fb-d7 > .kt-inside-inner-col{border-top-width:0px;border-right-width:0px;border-bottom-width:0px;border-left-width:0px;}.kadence-column_45f6fb-d7 > .kt-inside-inner-col,.kadence-column_45f6fb-d7 > .kt-inside-inner-col:before{border-top-left-radius:0px;border-top-right-radius:0px;border-bottom-right-radius:0px;border-bottom-left-radius:0px;}.kadence-column_45f6fb-d7 > .kt-inside-inner-col{column-gap:var(--global-kb-gap-sm, 1rem);}.kadence-column_45f6fb-d7 > .kt-inside-inner-col{flex-direction:column;}.kadence-column_45f6fb-d7 > .kt-inside-inner-col > .aligncenter{width:100%;}.kadence-column_45f6fb-d7 > .kt-inside-inner-col:before{opacity:0.3;}.kadence-column_45f6fb-d7{position:relative;}@media all and (max-width: 1024px){.kadence-column_45f6fb-d7 > .kt-inside-inner-col{flex-direction:column;}}@media all and (max-width: 767px){.kadence-column_45f6fb-d7 > .kt-inside-inner-col{flex-direction:column;}}<\/style>\n<div class=\"wp-block-kadence-column inner-column-1 kadence-column_45f6fb-d7\" data-aos=\"fade-up-right\" data-aos-duration=\"1000\" data-aos-easing=\"ease\"><div class=\"kt-inside-inner-col\">\n<h4 class=\"has-text-align-center wp-block-heading\" id=\"ep-ac4433d\" style=\"font-size:20px\">Komfortowe warunki dla Ciebie:<\/h4>\n\n\n\n<ul class=\"wp-block-list\"><li>Jasna i przestronna recepcja;<\/li><li>Szpital dzienny;<\/li><li>Najnowocze\u015bniejszy sprz\u0119t we wszystkich dzia\u0142ach, dzi\u0119ki kt\u00f3remu ka\u017cda procedura b\u0119dzie tak prosta, jak to tylko mo\u017cliwe;<\/li><li>Dogodna lokalizacja &#8211; jeste\u015bmy 15 minut spacerem od centrum Iwano-Frankiwska;<\/li><li>Strefa bezp\u0142atnego parkowania;<\/li><li>Kantor, bankomat, sklepy i kawiarnie oddalone s\u0105 od obiektu o 200 metr\u00f3w.<\/li><\/ul>\n<\/div><\/div>\n\n\n<style>.kadence-column_8b5dff-6e > .kt-inside-inner-col{border-top-width:0px;border-right-width:0px;border-bottom-width:0px;border-left-width:0px;}.kadence-column_8b5dff-6e > .kt-inside-inner-col,.kadence-column_8b5dff-6e > .kt-inside-inner-col:before{border-top-left-radius:0px;border-top-right-radius:0px;border-bottom-right-radius:0px;border-bottom-left-radius:0px;}.kadence-column_8b5dff-6e > .kt-inside-inner-col{column-gap:var(--global-kb-gap-sm, 1rem);}.kadence-column_8b5dff-6e > .kt-inside-inner-col{flex-direction:column;}.kadence-column_8b5dff-6e > .kt-inside-inner-col > .aligncenter{width:100%;}.kadence-column_8b5dff-6e > .kt-inside-inner-col:before{opacity:0.3;}.kadence-column_8b5dff-6e{position:relative;}@media all and (max-width: 1024px){.kadence-column_8b5dff-6e > .kt-inside-inner-col{flex-direction:column;}}@media all and (max-width: 767px){.kadence-column_8b5dff-6e > .kt-inside-inner-col{flex-direction:column;}}<\/style>\n<div class=\"wp-block-kadence-column inner-column-2 kadence-column_8b5dff-6e\" data-aos=\"fade-up-left\" data-aos-duration=\"1000\" data-aos-easing=\"ease\"><div class=\"kt-inside-inner-col\"><style>.kb-image_40979c-38 .kb-image-has-overlay:after{opacity:0.3;}.kb-image_40979c-38 img.kb-img, .kb-image_40979c-38 .kb-img img{border-top-left-radius:0px;border-top-right-radius:0px;border-bottom-right-radius:0px;border-bottom-left-radius:0px;}<\/style>\n<figure class=\"wp-block-kadence-image kb-image_40979c-38 size-full\"><img loading=\"lazy\" decoding=\"async\" width=\"1260\" height=\"810\" src=\"https:\/\/med-elit.com.ua\/wp-content\/uploads\/2022\/07\/Job-apartament.webp\" alt=\"\" class=\"kb-img wp-image-755\" srcset=\"https:\/\/med-elit.com.ua\/wp-content\/uploads\/2022\/07\/Job-apartament.webp 1260w, https:\/\/med-elit.com.ua\/wp-content\/uploads\/2022\/07\/Job-apartament-300x193.webp 300w, https:\/\/med-elit.com.ua\/wp-content\/uploads\/2022\/07\/Job-apartament-1024x658.webp 1024w, https:\/\/med-elit.com.ua\/wp-content\/uploads\/2022\/07\/Job-apartament-768x494.webp 768w\" sizes=\"auto, (max-width: 1260px) 100vw, 1260px\" \/><\/figure>\n<\/div><\/div>\n<\/div><\/div><\/div>\n","protected":false},"excerpt":{"rendered":"<p>Centrum Medyczne &#8220;MED-ELIT&#8221; Nowoczesne centrum medyczno-diagnostyczne, w kt\u00f3rym zdrowie cz\u0142owieka zawsze jest na pierwszym miejscu! Dlaczego w\u0142a\u015bnie my? Centrum Medyczne &#8220;Med-Elite\u201d to nowoczesna klinika, kt\u00f3ra kreuje nowy obraz nowoczesnej medycyny prywatnej, wprowadzaj\u0105c jednolite standardy leczenia na \u015bwiatowym poziomie. Naszym celem jest utrzymanie i zwi\u0119kszanie zaufania naszych pacjent\u00f3w, aby sta\u0107 si\u0119 dla nich nie tylko \u201epogotowiem\u201d,&#8230;<\/p>\n","protected":false},"author":1,"featured_media":0,"parent":0,"menu_order":0,"comment_status":"closed","ping_status":"closed","template":"","meta":{"_kad_blocks_custom_css":"","_kad_blocks_head_custom_js":"","_kad_blocks_body_custom_js":"","_kad_blocks_footer_custom_js":"","_kad_post_transparent":"","_kad_post_title":"","_kad_post_layout":"","_kad_post_sidebar_id":"","_kad_post_content_style":"","_kad_post_vertical_padding":"","_kad_post_feature":"","_kad_post_feature_position":"","_kad_post_header":false,"_kad_post_footer":false,"footnotes":""},"class_list":["post-1908","page","type-page","status-publish","hentry"],"taxonomy_info":[],"featured_image_src_large":false,"author_info":{"display_name":"Developer - Jan (SCHIZOROSHOW)","author_link":"https:\/\/med-elit.com.ua\/pl\/author\/admin\/"},"comment_info":0,"_links":{"self":[{"href":"https:\/\/med-elit.com.ua\/pl\/wp-json\/wp\/v2\/pages\/1908","targetHints":{"allow":["GET"]}}],"collection":[{"href":"https:\/\/med-elit.com.ua\/pl\/wp-json\/wp\/v2\/pages"}],"about":[{"href":"https:\/\/med-elit.com.ua\/pl\/wp-json\/wp\/v2\/types\/page"}],"author":[{"embeddable":true,"href":"https:\/\/med-elit.com.ua\/pl\/wp-json\/wp\/v2\/users\/1"}],"replies":[{"embeddable":true,"href":"https:\/\/med-elit.com.ua\/pl\/wp-json\/wp\/v2\/comments?post=1908"}],"version-history":[{"count":0,"href":"https:\/\/med-elit.com.ua\/pl\/wp-json\/wp\/v2\/pages\/1908\/revisions"}],"wp:attachment":[{"href":"https:\/\/med-elit.com.ua\/pl\/wp-json\/wp\/v2\/media?parent=1908"}],"curies":[{"name":"wp","href":"https:\/\/api.w.org\/{rel}","templated":true}]}}