{"id":1910,"date":"2022-07-13T11:53:43","date_gmt":"2022-07-13T08:53:43","guid":{"rendered":"https:\/\/med-elit.com.ua\/pro-nas\/novyny\/"},"modified":"2022-07-27T02:48:09","modified_gmt":"2022-07-26T23:48:09","slug":"novyny","status":"publish","type":"page","link":"https:\/\/med-elit.com.ua\/pl\/pro-nas\/novyny\/","title":{"rendered":"Aktualno\u015bci"},"content":{"rendered":"\n<div style=\"height:30px\" aria-hidden=\"true\" class=\"wp-block-spacer\"><\/div>\n\n\n<style>.kt-post-loop_91a021-25 .kadence-post-image{padding-top:0px;padding-right:0px;padding-bottom:0px;padding-left:0px;}.kt-post-loop_91a021-25 .kt-post-grid-wrap{gap:30px 30px;}.kt-post-loop_91a021-25 .kt-blocks-post-grid-item{border-top-left-radius:0px;border-top-right-radius:0px;border-bottom-right-radius:0px;border-bottom-left-radius:0px;overflow:hidden;}.kt-post-loop_91a021-25 .kt-blocks-post-grid-item .kt-blocks-post-grid-item-inner{padding-top:0px;padding-right:30px;padding-bottom:0px;padding-left:30px;}.kt-post-loop_91a021-25 .kt-blocks-post-grid-item header{padding-top:0px;padding-right:15px;padding-bottom:10px;padding-left:15px;margin-top:-30px;margin-right:0px;margin-bottom:0px;margin-left:0px;background-color:#ffffff;}.kt-post-loop_91a021-25 .kt-blocks-post-grid-item .entry-title{padding-top:10px;padding-right:0px;padding-bottom:5px;padding-left:0px;margin-top:0px;margin-right:0px;margin-bottom:0px;margin-left:0px;font-size:28px;line-height:40px;}.kt-post-loop_91a021-25 .entry-content{padding-top:0px;padding-right:15px;padding-bottom:0px;padding-left:15px;margin-top:0px;margin-right:0px;margin-bottom:0px;margin-left:0px;}.kt-post-loop_91a021-25 .kt-blocks-post-footer{border-top-width:0px;border-right-width:0px;border-bottom-width:0px;border-left-width:0px;padding-top:0px;padding-right:15px;padding-bottom:5px;padding-left:15px;margin-top:0px;margin-right:0px;margin-bottom:0px;margin-left:0px;}.kt-post-loop_91a021-25 .entry-content:after{height:0px;}.kt-post-loop_91a021-25 .entry-content .kt-blocks-post-readmore{background-color:#ffffff;border-color:#333333;color:#333333;border-width:1px;padding-top:5px;padding-right:16px;padding-bottom:5px;padding-left:16px;margin-top:0px;margin-right:0px;margin-bottom:0px;margin-left:0px;}.kt-post-loop_91a021-25 .entry-content .kt-blocks-post-readmore:hover{color:#ffffff;border-color:#333333;background-color:#333333;}.kt-post-loop_91a021-25 .kb-filter-item{border-top-width:0px;border-right-width:0px;border-bottom-width:2px;border-left-width:0px;padding-top:5px;padding-right:8px;padding-bottom:5px;padding-left:8px;margin-top:0px;margin-right:10px;margin-bottom:0px;margin-left:0px;}<\/style><div class=\"wp-block-kadence-postgrid kt-blocks-post-loop-block alignnone kt-post-loop_91a021-25 kt-post-grid-layout-grid \"><div class=\"kt-post-grid-layout-grid-wrap kt-post-grid-wrap\" data-columns-xxl=\"2\" data-columns-xl=\"2\" data-columns-md=\"2\" data-columns-sm=\"2\" data-columns-xs=\"1\" data-columns-ss=\"1\"data-item-selector=\".kt-post-masonry-item\"><article class=\"kt-blocks-post-grid-item post-2567 post type-post status-publish format-standard has-post-thumbnail hentry category-aktualnosci-pl\"><div class=\"kt-blocks-post-grid-item-inner-wrap kt-feat-image-align-top kt-feat-image-mobile-align-top\"><div class=\"kadence-post-image\"><div class=\"kadence-post-image-intrisic kt-image-ratio-66-67\" style=\"padding-bottom:66.67%\"><div class=\"kadence-post-image-inner-intrisic\"><a href=\"https:\/\/med-elit.com.ua\/pl\/pro-nas-hovoriat-na-teleperedachi-dilovi-visti-halychyna\/\" class=\"kadence-post-image-inner-wrap\"><img loading=\"lazy\" decoding=\"async\" width=\"1024\" height=\"525\" src=\"https:\/\/med-elit.com.ua\/wp-content\/uploads\/2022\/08\/News-DiloviVisti-Galichina-Poster-1024x525.webp\" class=\"attachment-large size-large wp-post-image\" alt=\"\u0421\u043d\u0430\u043f\u0448\u043e\u0442 \u043d\u043e\u0432\u0438\u043d\u0438 \u0414\u0456\u043b\u043e\u0432\u0456 \u0432\u0456\u0441\u0442\u0456 - \u0413\u0430\u043b\u0438\u0447\u0438\u043d\u0430\" srcset=\"https:\/\/med-elit.com.ua\/wp-content\/uploads\/2022\/08\/News-DiloviVisti-Galichina-Poster-1024x525.webp 1024w, https:\/\/med-elit.com.ua\/wp-content\/uploads\/2022\/08\/News-DiloviVisti-Galichina-Poster-300x154.webp 300w, https:\/\/med-elit.com.ua\/wp-content\/uploads\/2022\/08\/News-DiloviVisti-Galichina-Poster-768x394.webp 768w, https:\/\/med-elit.com.ua\/wp-content\/uploads\/2022\/08\/News-DiloviVisti-Galichina-Poster.webp 1174w\" sizes=\"auto, (max-width: 1024px) 100vw, 1024px\" \/><\/a><\/div><\/div><\/div><div class=\"kt-blocks-post-grid-item-inner\"><header><h2 class=\"entry-title\"><a href=\"https:\/\/med-elit.com.ua\/pl\/pro-nas-hovoriat-na-teleperedachi-dilovi-visti-halychyna\/\">M\u00f3wi\u0105 o nas w programie &#8220;Wiadomo\u015bci Biznesowe &#8211; Halicyna&#8221;<\/a><\/h2><div class=\"kt-blocks-post-top-meta\"><\/div><\/header><div class=\"entry-content\"><div class=\"kt-blocks-post-readmore-wrap\"><a class=\"kt-blocks-post-readmore\" href=\"https:\/\/med-elit.com.ua\/pl\/pro-nas-hovoriat-na-teleperedachi-dilovi-visti-halychyna\/\">Read More<span class=\"screen-reader-text\"> M\u00f3wi\u0105 o nas w programie &#8220;Wiadomo\u015bci Biznesowe &#8211; Halicyna&#8221;<\/span><\/a><\/div><\/div><footer class=\"kt-blocks-post-footer\"><div class=\"kt-blocks-post-footer-left\"><\/div><div class=\"kt-blocks-post-footer-right\"><\/div><\/footer><\/div><\/div><\/article><article class=\"kt-blocks-post-grid-item post-2142 post type-post status-publish format-standard has-post-thumbnail hentry category-aktualnosci-pl\"><div class=\"kt-blocks-post-grid-item-inner-wrap kt-feat-image-align-top kt-feat-image-mobile-align-top\"><div class=\"kadence-post-image\"><div class=\"kadence-post-image-intrisic kt-image-ratio-66-67\" style=\"padding-bottom:66.67%\"><div class=\"kadence-post-image-inner-intrisic\"><a href=\"https:\/\/med-elit.com.ua\/pl\/zi-svitovymy-standartamy-roboty-u-frankivsku-vidkryly-vysokotekhnolohichnyy-medychnyy-tsentr-med-elit\/\" class=\"kadence-post-image-inner-wrap\"><img loading=\"lazy\" decoding=\"async\" width=\"1024\" height=\"635\" src=\"https:\/\/med-elit.com.ua\/wp-content\/uploads\/2022\/07\/Galka.com_-1024x635.webp\" class=\"attachment-large size-large wp-post-image\" alt=\"\u041d\u0430 \u0444\u043e\u0442\u043e \u043b\u0456\u043a\u0430\u0440\u0456 &quot;\u041c\u0435\u0434 - \u0415\u043b\u0456\u0442&quot; \u0431\u0456\u043b\u044f \u043b\u0456\u0442\u043e\u0442\u0440\u0438\u043f\u0442\u043e\u0440\u0430\" srcset=\"https:\/\/med-elit.com.ua\/wp-content\/uploads\/2022\/07\/Galka.com_-1024x635.webp 1024w, https:\/\/med-elit.com.ua\/wp-content\/uploads\/2022\/07\/Galka.com_-300x186.webp 300w, https:\/\/med-elit.com.ua\/wp-content\/uploads\/2022\/07\/Galka.com_-768x476.webp 768w, https:\/\/med-elit.com.ua\/wp-content\/uploads\/2022\/07\/Galka.com_.webp 1290w\" sizes=\"auto, (max-width: 1024px) 100vw, 1024px\" \/><\/a><\/div><\/div><\/div><div class=\"kt-blocks-post-grid-item-inner\"><header><h2 class=\"entry-title\"><a href=\"https:\/\/med-elit.com.ua\/pl\/zi-svitovymy-standartamy-roboty-u-frankivsku-vidkryly-vysokotekhnolohichnyy-medychnyy-tsentr-med-elit\/\">Przy \u015bwiatowych standardach pracy: we Frankowsku otwarto nowoczesne centrum medyczne \u201eMed-Elite\u201d.<\/a><\/h2><div class=\"kt-blocks-post-top-meta\"><\/div><\/header><div class=\"entry-content\">1. Centrum Medyczne Med-Elite Centrum medyczne &#8220;Med-Elit&#8221; jest jednym z nowoczesnych i zaawansowanych technologicznie o\u015brodk\u00f3w nie tylko w Iwano-Frankowsku, ale tak\u017ce na ca\u0142ej Ukrainie. Dzi\u0119ki \u015bwiatowym standardom pracy MED ELITE jest gotowa pom\u00f3c nie tylko mieszka\u0144com Frankowa, ale tak\u017ce mieszka\u0144com innych o\u015brodk\u00f3w regionalnych.Zgromadzono tu zesp\u00f3\u0142 wysokiej klasy specjalist\u00f3w, do\u015bwiadczenie lekarzy oraz nowoczesny sprz\u0119t kliniki. To&#8230;<div class=\"kt-blocks-post-readmore-wrap\"><a class=\"kt-blocks-post-readmore\" href=\"https:\/\/med-elit.com.ua\/pl\/zi-svitovymy-standartamy-roboty-u-frankivsku-vidkryly-vysokotekhnolohichnyy-medychnyy-tsentr-med-elit\/\">Read More<span class=\"screen-reader-text\"> Przy \u015bwiatowych standardach pracy: we Frankowsku otwarto nowoczesne centrum medyczne \u201eMed-Elite\u201d.<\/span><\/a><\/div><\/div><footer class=\"kt-blocks-post-footer\"><div class=\"kt-blocks-post-footer-left\"><\/div><div class=\"kt-blocks-post-footer-right\"><\/div><\/footer><\/div><\/div><\/article><\/div><\/div><!-- .wp-block-kadence-postgrid -->","protected":false},"excerpt":{"rendered":"","protected":false},"author":1,"featured_media":0,"parent":1908,"menu_order":1,"comment_status":"closed","ping_status":"closed","template":"","meta":{"_kad_blocks_custom_css":"","_kad_blocks_head_custom_js":"","_kad_blocks_body_custom_js":"","_kad_blocks_footer_custom_js":"","_kad_post_transparent":"","_kad_post_title":"","_kad_post_layout":"","_kad_post_sidebar_id":"","_kad_post_content_style":"","_kad_post_vertical_padding":"","_kad_post_feature":"","_kad_post_feature_position":"","_kad_post_header":false,"_kad_post_footer":false,"footnotes":""},"class_list":["post-1910","page","type-page","status-publish","hentry"],"taxonomy_info":[],"featured_image_src_large":false,"author_info":{"display_name":"Developer - Jan (SCHIZOROSHOW)","author_link":"https:\/\/med-elit.com.ua\/pl\/author\/admin\/"},"comment_info":0,"_links":{"self":[{"href":"https:\/\/med-elit.com.ua\/pl\/wp-json\/wp\/v2\/pages\/1910","targetHints":{"allow":["GET"]}}],"collection":[{"href":"https:\/\/med-elit.com.ua\/pl\/wp-json\/wp\/v2\/pages"}],"about":[{"href":"https:\/\/med-elit.com.ua\/pl\/wp-json\/wp\/v2\/types\/page"}],"author":[{"embeddable":true,"href":"https:\/\/med-elit.com.ua\/pl\/wp-json\/wp\/v2\/users\/1"}],"replies":[{"embeddable":true,"href":"https:\/\/med-elit.com.ua\/pl\/wp-json\/wp\/v2\/comments?post=1910"}],"version-history":[{"count":0,"href":"https:\/\/med-elit.com.ua\/pl\/wp-json\/wp\/v2\/pages\/1910\/revisions"}],"up":[{"embeddable":true,"href":"https:\/\/med-elit.com.ua\/pl\/wp-json\/wp\/v2\/pages\/1908"}],"wp:attachment":[{"href":"https:\/\/med-elit.com.ua\/pl\/wp-json\/wp\/v2\/media?parent=1910"}],"curies":[{"name":"wp","href":"https:\/\/api.w.org\/{rel}","templated":true}]}}